{"id":51,"date":"2020-05-11T14:00:54","date_gmt":"2020-05-11T14:00:54","guid":{"rendered":"http:\/\/anwaltskanzlei-wenke.de\/?page_id=51"},"modified":"2020-11-07T14:55:40","modified_gmt":"2020-11-07T14:55:40","slug":"leistungen","status":"publish","type":"page","link":"https:\/\/anwaltskanzlei-wenke.de\/?page_id=51","title":{"rendered":"Rechtsgebiete"},"content":{"rendered":"<p style=\"text-align: center;\"><strong>&#8222;Ehrlichkeit und eine Vertrauensbasis sind die wichtigsten Komponenten unserer Rechtsberatung.&#8220;<\/strong><\/p>\n<p style=\"text-align: center;\">Wir beraten Sie gerne in allen Rechtsfragen, vor allem im<\/p>\n<p>\u00a0<\/p>\n<p style=\"text-align: center;\"><strong><span style=\"text-decoration: underline;\"><span style=\"color: #0865a2; font-size: 18pt; text-decoration: underline;\">Zivilrecht<\/span><\/span><\/strong><\/p>\n<p style=\"text-align: center;\">Wir unterst\u00fctzen Sie bei allen Sachverhalten rund um Schadensersatzrecht, Verkehrsrecht, Mietrecht, Werksvertrags- und Kaufrecht, Arbeitsrecht und Verbraucherschutz.<\/p>\n<p style=\"text-align: center;\"><strong><span style=\"text-decoration: underline;\"><span style=\"color: #0865a2; font-size: 18pt; text-decoration: underline;\">Strafrecht<\/span><\/span><\/strong><\/p>\n<p style=\"text-align: center;\">Der Ausgang eines Strafrechtsprozesses h\u00e4ngt wesentlich von einer guten Vorbereitung der Verteidigung ab. Dabei sollten Sie uns schon ins Vertrauen ziehen, bevor Sie eine polizeiliche Aussage machen.<\/p>\n<p style=\"text-align: center;\"><strong><span style=\"color: #0865a2;\"><span style=\"text-decoration: underline; font-size: 18pt;\">Familienrech<\/span><span style=\"font-size: 18pt;\">t<\/span><\/span><\/strong><\/p>\n<p style=\"text-align: center;\">Das Familienrecht ist das Teilgebiet des Zivilrechts, das die Rechtsverh\u00e4ltnisse der durch Ehe, Lebenspartnerschaft, Familie und Verwandtschaft miteinander verbundenen Personen regelt.<\/p>\n<p style=\"text-align: center;\"><span style=\"text-decoration: underline; font-size: 18pt;\"><span style=\"color: #0865a2; text-decoration: underline;\"><strong>OWiG &#8211;<\/strong> <strong>Ordnungswidrigkeiten<\/strong><\/span><\/span><\/p>\n<p style=\"text-align: center;\">Wurden Sie geblitzt? Zahlen Sie nicht vorschnell, sondern ziehen Sie uns zu Rate. Ein Blick in die Bu\u00dfgeld- oder Polizeiakte k\u00f6nnte sich lohnen und Ihnen Punkte und bares Geld sparen.<\/p>\n<p style=\"text-align: center;\"><strong><span style=\"text-decoration: underline;\"><span style=\"color: #0865a2; font-size: 18pt; text-decoration: underline;\">Jagd- und Waffenrecht<\/span><\/span><\/strong><\/p>\n<p style=\"text-align: center;\">Wir beraten und vertreten Sie bei allen Fragen rund um Jagdaus\u00fcbungsrecht, Jagdpachtvertr\u00e4gen, Wildschadensersatzverfahren, Rechtsfragen rund um den Jagdschein und WBK (Erteilung, Verl\u00e4ngerung, Widerruf, Entziehung und Einziehung, insbesondere Pr\u00fcfung der Zuverl\u00e4ssigkeitskriterien, etc.). Verhandlungen zwischen Jagdgenossenschaften, waffenrechtliche Probleme, Straftaten und Ordnungswidrigkeiten im Zusammenhang mit Jagdaus\u00fcbung, sowie Haftungs- Schadensersatz und Schmerzensgeldfragen.<\/p>\n<p style=\"text-align: center;\">\u00a0<\/p>\n<p style=\"text-align: center;\"><strong><span style=\"color: #0865a2;\">Wir sind deutschlandweit t\u00e4tig, \u00fcbernehmen aber auch Sachverhalte mit europ\u00e4ischen Bez\u00fcgen (Verbraucherschutz, Kindergeld, etc.).<\/span><\/strong><\/p>\n\n\n<p><\/p>\n\n\n\n<p><\/p>\n","protected":false},"excerpt":{"rendered":"<p>&#8222;Ehrlichkeit und eine Vertrauensbasis sind die wichtigsten Komponenten unserer Rechtsberatung.&#8220; Wir beraten Sie gerne in allen Rechtsfragen, vor allem im \u00a0 Zivilrecht Wir unterst\u00fctzen Sie bei allen Sachverhalten rund um Schadensersatzrecht, Verkehrsrecht, Mietrecht, Werksvertrags- und Kaufrecht, Arbeitsrecht und Verbraucherschutz. Strafrecht Der Ausgang eines Strafrechtsprozesses h\u00e4ngt wesentlich von einer guten Vorbereitung der Verteidigung ab. Dabei sollten [&hellip;]<\/p>\n","protected":false},"author":1,"featured_media":0,"parent":0,"menu_order":0,"comment_status":"closed","ping_status":"closed","template":"","meta":[],"_links":{"self":[{"href":"https:\/\/anwaltskanzlei-wenke.de\/index.php?rest_route=\/wp\/v2\/pages\/51"}],"collection":[{"href":"https:\/\/anwaltskanzlei-wenke.de\/index.php?rest_route=\/wp\/v2\/pages"}],"about":[{"href":"https:\/\/anwaltskanzlei-wenke.de\/index.php?rest_route=\/wp\/v2\/types\/page"}],"author":[{"embeddable":true,"href":"https:\/\/anwaltskanzlei-wenke.de\/index.php?rest_route=\/wp\/v2\/users\/1"}],"replies":[{"embeddable":true,"href":"https:\/\/anwaltskanzlei-wenke.de\/index.php?rest_route=%2Fwp%2Fv2%2Fcomments&post=51"}],"version-history":[{"count":15,"href":"https:\/\/anwaltskanzlei-wenke.de\/index.php?rest_route=\/wp\/v2\/pages\/51\/revisions"}],"predecessor-version":[{"id":162,"href":"https:\/\/anwaltskanzlei-wenke.de\/index.php?rest_route=\/wp\/v2\/pages\/51\/revisions\/162"}],"wp:attachment":[{"href":"https:\/\/anwaltskanzlei-wenke.de\/index.php?rest_route=%2Fwp%2Fv2%2Fmedia&parent=51"}],"curies":[{"name":"wp","href":"https:\/\/api.w.org\/{rel}","templated":true}]}}